{"id":2,"date":"2026-03-24T18:23:57","date_gmt":"2026-03-24T18:23:57","guid":{"rendered":"https:\/\/abbacentar.hr\/?page_id=2"},"modified":"2026-03-24T18:51:28","modified_gmt":"2026-03-24T18:51:28","slug":"sample-page","status":"publish","type":"page","link":"https:\/\/abbacentar.hr\/index.php\/sample-page\/","title":{"rendered":"O nama"},"content":{"rendered":"\n<p class=\"has-text-align-left\">Udruga Abba centar osnovana je s ciljem promicanja va\u017enosti cjelovitog ozdravljenja osobe uskla\u0111uju\u0107i vrijednosti Katoli\u010dke Crkve, Katekizma, teme ozdravljenja i na\u010dela demokratskog dru\u0161tva poti\u010du\u0107i osobni razvoj, promicanje dostojanstva ljudske osobe, za\u0161tite zdravlja i promicanja vrijednosti obitelji, braka, ljudske spolnosti, zdravlja, odgoja i obrazovanja, ljudskih prava, te \u017eivota op\u0107enito.<\/p>\n\n\n\n<figure class=\"wp-block-gallery has-nested-images columns-default is-cropped wp-block-gallery-1 is-layout-flex wp-block-gallery-is-layout-flex\">\n<figure class=\"wp-block-image alignleft is-resized\"><img decoding=\"async\" src=\"https:\/\/assets.zyrosite.com\/cdn-cgi\/image\/format=auto,w=375,h=938,fit=crop\/m7Vj5DPjaVuyXKe9\/privremena_abba-AE075xLBbRfLyren.jpg\" alt=\"\" style=\"width:289px;height:auto\"\/><\/figure>\n\n\n\n<figure class=\"wp-block-image\"><img decoding=\"async\" src=\"https:\/\/assets.zyrosite.com\/cdn-cgi\/image\/format=auto,w=375,h=455,fit=crop\/m7Vj5DPjaVuyXKe9\/iva_konjevod-AR03wONoJ5sxlRW9.jpg\" alt=\"\"\/><\/figure>\n<\/figure>\n\n\n\n<p><strong>Iva Konjevod\u00a0<\/strong>&#8211; psiholog, gestalt psihoterapeut, supruga i majka. Radi terapijski i edukativno sa pojedincima, parovima i grupama. Omiljene teme su joj psihi\u010dko zdravlje, neodjeljivost psihe i tijela, zdravi i kvalitetni odnosi, brak, porod, roditeljstvo i odgoj.<\/p>\n\n\n\n<p><strong>Ivan \u0110ordi\u0107<\/strong>\u00a0&#8211; socijalni radnik, edukant transakcijske analize pod supervizijom i specijalizant transakcijske analize za podru\u010dje psihoterapije. Najvi\u0161e radi sa pojedincima, posebice sa mladima. Dugogodi\u0161nji \u010dlan molitvene zajednice. Podru\u010dja interesa su mu emocije, granice, osobna odgovornost, socijalne inovacije, cjelovitost \u010dovjeka i i unutarnje ozdravljanje.<\/p>\n\n\n\n<p><\/p>\n","protected":false},"excerpt":{"rendered":"<p>Udruga Abba centar osnovana je s ciljem promicanja va\u017enosti cjelovitog ozdravljenja osobe uskla\u0111uju\u0107i vrijednosti Katoli\u010dke Crkve, Katekizma, teme ozdravljenja i na\u010dela demokratskog dru\u0161tva poti\u010du\u0107i osobni razvoj, promicanje dostojanstva ljudske osobe, za\u0161tite zdravlja i promicanja vrijednosti obitelji, braka, ljudske spolnosti, zdravlja, odgoja i obrazovanja, ljudskih prava, te \u017eivota op\u0107enito. Iva Konjevod\u00a0&#8211; psiholog, gestalt psihoterapeut, supruga i [&hellip;]<\/p>\n","protected":false},"author":1,"featured_media":0,"parent":0,"menu_order":0,"comment_status":"closed","ping_status":"open","template":"","meta":{"footnotes":""},"class_list":["post-2","page","type-page","status-publish","hentry"],"yoast_head":"<!-- This site is optimized with the Yoast SEO plugin v27.2 - https:\/\/yoast.com\/product\/yoast-seo-wordpress\/ -->\n<title>O nama - Abba- centar za cjelovito ozdravljenje<\/title>\n<meta name=\"robots\" content=\"index, follow, max-snippet:-1, max-image-preview:large, max-video-preview:-1\" \/>\n<link rel=\"canonical\" href=\"https:\/\/abbacentar.hr\/index.php\/sample-page\/\" \/>\n<meta property=\"og:locale\" content=\"en_US\" \/>\n<meta property=\"og:type\" content=\"article\" \/>\n<meta property=\"og:title\" content=\"O nama - Abba- centar za cjelovito ozdravljenje\" \/>\n<meta property=\"og:description\" content=\"Udruga Abba centar osnovana je s ciljem promicanja va\u017enosti cjelovitog ozdravljenja osobe uskla\u0111uju\u0107i vrijednosti Katoli\u010dke Crkve, Katekizma, teme ozdravljenja i na\u010dela demokratskog dru\u0161tva poti\u010du\u0107i osobni razvoj, promicanje dostojanstva ljudske osobe, za\u0161tite zdravlja i promicanja vrijednosti obitelji, braka, ljudske spolnosti, zdravlja, odgoja i obrazovanja, ljudskih prava, te \u017eivota op\u0107enito. Iva Konjevod\u00a0&#8211; psiholog, gestalt psihoterapeut, supruga i [&hellip;]\" \/>\n<meta property=\"og:url\" content=\"https:\/\/abbacentar.hr\/index.php\/sample-page\/\" \/>\n<meta property=\"og:site_name\" content=\"Abba- centar za cjelovito ozdravljenje\" \/>\n<meta property=\"article:modified_time\" content=\"2026-03-24T18:51:28+00:00\" \/>\n<meta property=\"og:image\" content=\"https:\/\/assets.zyrosite.com\/cdn-cgi\/image\/format=auto,w=375,h=938,fit=crop\/m7Vj5DPjaVuyXKe9\/privremena_abba-AE075xLBbRfLyren.jpg\" \/>\n<meta name=\"twitter:card\" content=\"summary_large_image\" \/>\n<meta name=\"twitter:label1\" content=\"Est. reading time\" \/>\n\t<meta name=\"twitter:data1\" content=\"1 minute\" \/>\n<script type=\"application\/ld+json\" class=\"yoast-schema-graph\">{\"@context\":\"https:\/\/schema.org\",\"@graph\":[{\"@type\":\"WebPage\",\"@id\":\"https:\/\/abbacentar.hr\/index.php\/sample-page\/\",\"url\":\"https:\/\/abbacentar.hr\/index.php\/sample-page\/\",\"name\":\"O nama - Abba- centar za cjelovito ozdravljenje\",\"isPartOf\":{\"@id\":\"https:\/\/abbacentar.hr\/#website\"},\"primaryImageOfPage\":{\"@id\":\"https:\/\/abbacentar.hr\/index.php\/sample-page\/#primaryimage\"},\"image\":{\"@id\":\"https:\/\/abbacentar.hr\/index.php\/sample-page\/#primaryimage\"},\"thumbnailUrl\":\"https:\/\/assets.zyrosite.com\/cdn-cgi\/image\/format=auto,w=375,h=938,fit=crop\/m7Vj5DPjaVuyXKe9\/privremena_abba-AE075xLBbRfLyren.jpg\",\"datePublished\":\"2026-03-24T18:23:57+00:00\",\"dateModified\":\"2026-03-24T18:51:28+00:00\",\"breadcrumb\":{\"@id\":\"https:\/\/abbacentar.hr\/index.php\/sample-page\/#breadcrumb\"},\"inLanguage\":\"en-US\",\"potentialAction\":[{\"@type\":\"ReadAction\",\"target\":[\"https:\/\/abbacentar.hr\/index.php\/sample-page\/\"]}]},{\"@type\":\"ImageObject\",\"inLanguage\":\"en-US\",\"@id\":\"https:\/\/abbacentar.hr\/index.php\/sample-page\/#primaryimage\",\"url\":\"https:\/\/assets.zyrosite.com\/cdn-cgi\/image\/format=auto,w=375,h=938,fit=crop\/m7Vj5DPjaVuyXKe9\/privremena_abba-AE075xLBbRfLyren.jpg\",\"contentUrl\":\"https:\/\/assets.zyrosite.com\/cdn-cgi\/image\/format=auto,w=375,h=938,fit=crop\/m7Vj5DPjaVuyXKe9\/privremena_abba-AE075xLBbRfLyren.jpg\"},{\"@type\":\"BreadcrumbList\",\"@id\":\"https:\/\/abbacentar.hr\/index.php\/sample-page\/#breadcrumb\",\"itemListElement\":[{\"@type\":\"ListItem\",\"position\":1,\"name\":\"Home\",\"item\":\"https:\/\/abbacentar.hr\/\"},{\"@type\":\"ListItem\",\"position\":2,\"name\":\"O nama\"}]},{\"@type\":\"WebSite\",\"@id\":\"https:\/\/abbacentar.hr\/#website\",\"url\":\"https:\/\/abbacentar.hr\/\",\"name\":\"Abba- centar za cjelovito ozdravljenje\",\"description\":\"\",\"publisher\":{\"@id\":\"https:\/\/abbacentar.hr\/#organization\"},\"potentialAction\":[{\"@type\":\"SearchAction\",\"target\":{\"@type\":\"EntryPoint\",\"urlTemplate\":\"https:\/\/abbacentar.hr\/?s={search_term_string}\"},\"query-input\":{\"@type\":\"PropertyValueSpecification\",\"valueRequired\":true,\"valueName\":\"search_term_string\"}}],\"inLanguage\":\"en-US\"},{\"@type\":\"Organization\",\"@id\":\"https:\/\/abbacentar.hr\/#organization\",\"name\":\"Abba- centar za cjelovito ozdravljenje\",\"url\":\"https:\/\/abbacentar.hr\/\",\"logo\":{\"@type\":\"ImageObject\",\"inLanguage\":\"en-US\",\"@id\":\"https:\/\/abbacentar.hr\/#\/schema\/logo\/image\/\",\"url\":\"https:\/\/abbacentar.hr\/wp-content\/uploads\/2026\/03\/Abba_logo.jpg\",\"contentUrl\":\"https:\/\/abbacentar.hr\/wp-content\/uploads\/2026\/03\/Abba_logo.jpg\",\"width\":2000,\"height\":2000,\"caption\":\"Abba- centar za cjelovito ozdravljenje\"},\"image\":{\"@id\":\"https:\/\/abbacentar.hr\/#\/schema\/logo\/image\/\"}}]}<\/script>\n<!-- \/ Yoast SEO plugin. -->","yoast_head_json":{"title":"O nama - Abba- centar za cjelovito ozdravljenje","robots":{"index":"index","follow":"follow","max-snippet":"max-snippet:-1","max-image-preview":"max-image-preview:large","max-video-preview":"max-video-preview:-1"},"canonical":"https:\/\/abbacentar.hr\/index.php\/sample-page\/","og_locale":"en_US","og_type":"article","og_title":"O nama - Abba- centar za cjelovito ozdravljenje","og_description":"Udruga Abba centar osnovana je s ciljem promicanja va\u017enosti cjelovitog ozdravljenja osobe uskla\u0111uju\u0107i vrijednosti Katoli\u010dke Crkve, Katekizma, teme ozdravljenja i na\u010dela demokratskog dru\u0161tva poti\u010du\u0107i osobni razvoj, promicanje dostojanstva ljudske osobe, za\u0161tite zdravlja i promicanja vrijednosti obitelji, braka, ljudske spolnosti, zdravlja, odgoja i obrazovanja, ljudskih prava, te \u017eivota op\u0107enito. Iva Konjevod\u00a0&#8211; psiholog, gestalt psihoterapeut, supruga i [&hellip;]","og_url":"https:\/\/abbacentar.hr\/index.php\/sample-page\/","og_site_name":"Abba- centar za cjelovito ozdravljenje","article_modified_time":"2026-03-24T18:51:28+00:00","og_image":[{"url":"https:\/\/assets.zyrosite.com\/cdn-cgi\/image\/format=auto,w=375,h=938,fit=crop\/m7Vj5DPjaVuyXKe9\/privremena_abba-AE075xLBbRfLyren.jpg","type":"","width":"","height":""}],"twitter_card":"summary_large_image","twitter_misc":{"Est. reading time":"1 minute"},"schema":{"@context":"https:\/\/schema.org","@graph":[{"@type":"WebPage","@id":"https:\/\/abbacentar.hr\/index.php\/sample-page\/","url":"https:\/\/abbacentar.hr\/index.php\/sample-page\/","name":"O nama - Abba- centar za cjelovito ozdravljenje","isPartOf":{"@id":"https:\/\/abbacentar.hr\/#website"},"primaryImageOfPage":{"@id":"https:\/\/abbacentar.hr\/index.php\/sample-page\/#primaryimage"},"image":{"@id":"https:\/\/abbacentar.hr\/index.php\/sample-page\/#primaryimage"},"thumbnailUrl":"https:\/\/assets.zyrosite.com\/cdn-cgi\/image\/format=auto,w=375,h=938,fit=crop\/m7Vj5DPjaVuyXKe9\/privremena_abba-AE075xLBbRfLyren.jpg","datePublished":"2026-03-24T18:23:57+00:00","dateModified":"2026-03-24T18:51:28+00:00","breadcrumb":{"@id":"https:\/\/abbacentar.hr\/index.php\/sample-page\/#breadcrumb"},"inLanguage":"en-US","potentialAction":[{"@type":"ReadAction","target":["https:\/\/abbacentar.hr\/index.php\/sample-page\/"]}]},{"@type":"ImageObject","inLanguage":"en-US","@id":"https:\/\/abbacentar.hr\/index.php\/sample-page\/#primaryimage","url":"https:\/\/assets.zyrosite.com\/cdn-cgi\/image\/format=auto,w=375,h=938,fit=crop\/m7Vj5DPjaVuyXKe9\/privremena_abba-AE075xLBbRfLyren.jpg","contentUrl":"https:\/\/assets.zyrosite.com\/cdn-cgi\/image\/format=auto,w=375,h=938,fit=crop\/m7Vj5DPjaVuyXKe9\/privremena_abba-AE075xLBbRfLyren.jpg"},{"@type":"BreadcrumbList","@id":"https:\/\/abbacentar.hr\/index.php\/sample-page\/#breadcrumb","itemListElement":[{"@type":"ListItem","position":1,"name":"Home","item":"https:\/\/abbacentar.hr\/"},{"@type":"ListItem","position":2,"name":"O nama"}]},{"@type":"WebSite","@id":"https:\/\/abbacentar.hr\/#website","url":"https:\/\/abbacentar.hr\/","name":"Abba- centar za cjelovito ozdravljenje","description":"","publisher":{"@id":"https:\/\/abbacentar.hr\/#organization"},"potentialAction":[{"@type":"SearchAction","target":{"@type":"EntryPoint","urlTemplate":"https:\/\/abbacentar.hr\/?s={search_term_string}"},"query-input":{"@type":"PropertyValueSpecification","valueRequired":true,"valueName":"search_term_string"}}],"inLanguage":"en-US"},{"@type":"Organization","@id":"https:\/\/abbacentar.hr\/#organization","name":"Abba- centar za cjelovito ozdravljenje","url":"https:\/\/abbacentar.hr\/","logo":{"@type":"ImageObject","inLanguage":"en-US","@id":"https:\/\/abbacentar.hr\/#\/schema\/logo\/image\/","url":"https:\/\/abbacentar.hr\/wp-content\/uploads\/2026\/03\/Abba_logo.jpg","contentUrl":"https:\/\/abbacentar.hr\/wp-content\/uploads\/2026\/03\/Abba_logo.jpg","width":2000,"height":2000,"caption":"Abba- centar za cjelovito ozdravljenje"},"image":{"@id":"https:\/\/abbacentar.hr\/#\/schema\/logo\/image\/"}}]}},"jetpack_sharing_enabled":true,"_links":{"self":[{"href":"https:\/\/abbacentar.hr\/index.php\/wp-json\/wp\/v2\/pages\/2","targetHints":{"allow":["GET"]}}],"collection":[{"href":"https:\/\/abbacentar.hr\/index.php\/wp-json\/wp\/v2\/pages"}],"about":[{"href":"https:\/\/abbacentar.hr\/index.php\/wp-json\/wp\/v2\/types\/page"}],"author":[{"embeddable":true,"href":"https:\/\/abbacentar.hr\/index.php\/wp-json\/wp\/v2\/users\/1"}],"replies":[{"embeddable":true,"href":"https:\/\/abbacentar.hr\/index.php\/wp-json\/wp\/v2\/comments?post=2"}],"version-history":[{"count":2,"href":"https:\/\/abbacentar.hr\/index.php\/wp-json\/wp\/v2\/pages\/2\/revisions"}],"predecessor-version":[{"id":19,"href":"https:\/\/abbacentar.hr\/index.php\/wp-json\/wp\/v2\/pages\/2\/revisions\/19"}],"wp:attachment":[{"href":"https:\/\/abbacentar.hr\/index.php\/wp-json\/wp\/v2\/media?parent=2"}],"curies":[{"name":"wp","href":"https:\/\/api.w.org\/{rel}","templated":true}]}}